{"id":215,"date":"2011-04-22T18:28:01","date_gmt":"2011-04-22T16:28:01","guid":{"rendered":"http:\/\/r1200st.buxtehude-net.de\/?page_id=215"},"modified":"2011-04-22T18:34:31","modified_gmt":"2011-04-22T16:34:31","slug":"osten","status":"publish","type":"page","link":"http:\/\/r1200st.buxtehude-net.de\/?page_id=215","title":{"rendered":"Osten"},"content":{"rendered":"<h2>Sachsen-Anhalt<\/h2>\n<p>Links:<\/p>\n<p><a title=\"Sachsen-Anhalt - Harz, Kyffh\u00e4user\" href=\"http:\/\/www.bikeratlas.de\/tourensuche\/niedersachsen\/harz-eichsfeld-kyffhaeuser\/index.php\">http:\/\/www.bikeratlas.de\/tourensuche\/niedersachsen\/harz-eichsfeld-kyffhaeuser\/index.php<\/a><\/p>\n<p><a title=\"Sachsen-Anhalt\" href=\"http:\/\/www.bikeratlas.de\/tourensuche\/sachsen-anhalt\/sachsen-anhalt\/index.php\">http:\/\/www.bikeratlas.de\/tourensuche\/sachsen-anhalt\/sachsen-anhalt\/index.php<\/a><\/p>\n<h2>Berlin, Brandenburg<\/h2>\n<p>Link:<\/p>\n<p><a title=\"Berlin Brandenburg\" href=\"http:\/\/www.bikeratlas.de\/tourensuche\/berlin--brandenburg\/berlin--brandenburg\/index.php\">http:\/\/www.bikeratlas.de\/tourensuche\/berlin&#8211;brandenburg\/berlin&#8211;brandenburg\/index.php<\/a><\/p>\n<h2>Sachsen<\/h2>\n<p>Link:<\/p>\n<p><a title=\"Sachsen - Lausitz, Erzgebirge\" href=\"http:\/\/www.bikeratlas.de\/tourensuche\/sachsen\/index.php\">http:\/\/www.bikeratlas.de\/tourensuche\/sachsen\/index.php<\/a><\/p>\n<h2>Th\u00fcringen<\/h2>\n<p>Link:<\/p>\n<p><a title=\"Th\u00fcringen - Franken, Th\u00fcringer Wald und die Rh\u00f6n\" href=\"http:\/\/www.bikeratlas.de\/tourensuche\/thueringen\/index.php\">http:\/\/www.bikeratlas.de\/tourensuche\/thueringen\/index.php<\/a><\/p>\n","protected":false},"excerpt":{"rendered":"<p>Sachsen-Anhalt <\/p>\n<p>Links:<\/p>\n<p>http:\/\/www.bikeratlas.de\/tourensuche\/niedersachsen\/harz-eichsfeld-kyffhaeuser\/index.php<\/p>\n<p>http:\/\/www.bikeratlas.de\/tourensuche\/sachsen-anhalt\/sachsen-anhalt\/index.php<\/p>\n<p> Berlin, Brandenburg <\/p>\n<p>Link:<\/p>\n<p>http:\/\/www.bikeratlas.de\/tourensuche\/berlin&#8211;brandenburg\/berlin&#8211;brandenburg\/index.php<\/p>\n<p> Sachsen <\/p>\n<p>Link:<\/p>\n<p>http:\/\/www.bikeratlas.de\/tourensuche\/sachsen\/index.php<\/p>\n<p> Th\u00fcringen <\/p>\n<p>Link:<\/p>\n<p>http:\/\/www.bikeratlas.de\/tourensuche\/thueringen\/index.php<\/p>\n","protected":false},"author":2,"featured_media":0,"parent":24,"menu_order":4,"comment_status":"closed","ping_status":"closed","template":"","meta":{"footnotes":""},"class_list":["post-215","page","type-page","status-publish","hentry","odd"],"_links":{"self":[{"href":"http:\/\/r1200st.buxtehude-net.de\/index.php?rest_route=\/wp\/v2\/pages\/215","targetHints":{"allow":["GET"]}}],"collection":[{"href":"http:\/\/r1200st.buxtehude-net.de\/index.php?rest_route=\/wp\/v2\/pages"}],"about":[{"href":"http:\/\/r1200st.buxtehude-net.de\/index.php?rest_route=\/wp\/v2\/types\/page"}],"author":[{"embeddable":true,"href":"http:\/\/r1200st.buxtehude-net.de\/index.php?rest_route=\/wp\/v2\/users\/2"}],"replies":[{"embeddable":true,"href":"http:\/\/r1200st.buxtehude-net.de\/index.php?rest_route=%2Fwp%2Fv2%2Fcomments&post=215"}],"version-history":[{"count":0,"href":"http:\/\/r1200st.buxtehude-net.de\/index.php?rest_route=\/wp\/v2\/pages\/215\/revisions"}],"up":[{"embeddable":true,"href":"http:\/\/r1200st.buxtehude-net.de\/index.php?rest_route=\/wp\/v2\/pages\/24"}],"wp:attachment":[{"href":"http:\/\/r1200st.buxtehude-net.de\/index.php?rest_route=%2Fwp%2Fv2%2Fmedia&parent=215"}],"curies":[{"name":"wp","href":"https:\/\/api.w.org\/{rel}","templated":true}]}}